{"id":195,"date":"2015-10-26T13:10:58","date_gmt":"2015-10-26T13:10:58","guid":{"rendered":"http:\/\/test.kriesi.at\/product-signup\/?page_id=2"},"modified":"2024-11-09T14:24:44","modified_gmt":"2024-11-09T14:24:44","slug":"landing-page","status":"publish","type":"page","link":"https:\/\/berg-ladestecker.de\/","title":{"rendered":"Startseite"},"content":{"rendered":"<div id='sign-up'  class='avia-section main_color avia-section-default avia-no-shadow  avia-full-stretch av-parallax-section avia-bg-style-parallax  avia-builder-el-0  el_before_av_one_third  avia-builder-el-first   av-minimum-height av-minimum-height-100  container_wrap fullsize' style=' '  data-section-bg-repeat='stretch' data-av_minimum_height_pc='100'><div class='av-parallax' data-avia-parallax-ratio='0.3' ><div class='av-parallax-inner main_color  avia-full-stretch' style = 'background-repeat: no-repeat; background-image: url(https:\/\/berg-ladestecker.de\/wp-content\/uploads\/2015\/10\/park-place.png);background-attachment: scroll; background-position: center center; ' ><\/div><\/div><div class='av-section-color-overlay-wrap'><a href='#next-section' title='' class='scroll-down-link '  aria-hidden='true' data-av_icon='\ue877' data-av_iconfont='entypo-fontello'><\/a><div class='container' ><main  role=\"main\" itemprop=\"mainContentOfPage\"  class='template-page content  av-content-full alpha units'><div class='post-entry post-entry-type-page post-entry-195'><div class='entry-content-wrapper clearfix'>\n<div class='flex_column_table av-equal-height-column-flextable -flextable' ><div class=\"flex_column av_one_full  av-animated-generic left-to-right  no_margin flex_column_table_cell av-equal-height-column av-align-bottom av-zero-column-padding first  avia-builder-el-1  el_before_av_one_half  avia-builder-el-first  \" style='border-radius:0px; '><div  style='padding-bottom:0px; color:#000000;font-size:28px;' class='av-special-heading av-special-heading-h2 custom-color-heading blockquote modern-quote modern-centered  avia-builder-el-2  avia-builder-el-no-sibling  av-inherit-size '><h2 class='av-special-heading-tag '  itemprop=\"headline\"  > Berg Ladesteckvorrichtungen <span class='special_amp'>&amp;<\/span> Hochstromsteckvorrichtungen<\/h2><div class ='av-subheading av-subheading_below av_custom_color ' style='font-size:15px;'><p>DIN 43589<\/p>\n<\/div><div class='special-heading-border'><div class='special-heading-inner-border' style='border-color:#000000'><\/div><\/div><\/div><\/div><\/div><!--close column table wrapper. Autoclose: 1 --><div class=\"flex_column av_one_half  flex_column_div av-zero-column-padding first  avia-builder-el-3  el_after_av_one_full  el_before_av_one_half  column-top-margin\" style='border-radius:0px; '><div  class='avia-image-container  av-styling-    avia-builder-el-4  avia-builder-el-no-sibling  avia-align-center '  itemprop=\"image\" itemscope=\"itemscope\" itemtype=\"https:\/\/schema.org\/ImageObject\"  ><div class='avia-image-container-inner'><div class='avia-image-overlay-wrap'><img class='avia_image' src='https:\/\/berg-ladestecker.de\/wp-content\/uploads\/2020\/02\/cropped-Berg-Startseite-bluer.jpg' alt='' title='cropped-Berg-Startseite-bluer.jpg' height=\"637\" width=\"808\"  itemprop=\"thumbnailUrl\"  \/><\/div><\/div><\/div><\/div><div class=\"flex_column av_one_half  flex_column_div av-zero-column-padding   avia-builder-el-5  el_after_av_one_half  el_before_av_heading  column-top-margin\" style='border-radius:0px; '><div  class='avia-image-container  av-styling-    avia-builder-el-6  avia-builder-el-no-sibling  avia-align-center '  itemprop=\"image\" itemscope=\"itemscope\" itemtype=\"https:\/\/schema.org\/ImageObject\"  ><div class='avia-image-container-inner'><div class='avia-image-overlay-wrap'><a href='https:\/\/berg-ladestecker.de\/wp-content\/uploads\/2024\/11\/hochstromsteckverbindungen.pdf' class='avia_image'   target=\"_blank\" ><img class='avia_image ' src='https:\/\/berg-ladestecker.de\/wp-content\/uploads\/2024\/11\/steckvorrichtung.jpg' alt='' title='steckvorrichtung'  itemprop=\"thumbnailUrl\"  \/><\/a><\/div><\/div><\/div><\/div><div  style='padding-bottom:0px; color:#b02b2c;font-size:28px;' class='av-special-heading av-special-heading-h1 custom-color-heading blockquote modern-quote modern-centered  avia-builder-el-7  el_after_av_one_half  avia-builder-el-last  av-inherit-size '><h1 class='av-special-heading-tag '  itemprop=\"headline\"  >Qualit\u00e4t verbindet<\/h1><div class='special-heading-border'><div class='special-heading-inner-border' style='border-color:#b02b2c'><\/div><\/div><\/div>\n<\/div><\/div><\/main><!-- close content main element --><\/div><\/div><\/div><div id='after_section_1'  class='main_color av_default_container_wrap container_wrap fullsize' style=' '  ><div class='container' ><div class='template-page content  av-content-full alpha units'><div class='post-entry post-entry-type-page post-entry-195'><div class='entry-content-wrapper clearfix'><div class=\"flex_column av_one_third  flex_column_div av-zero-column-padding first  avia-builder-el-8  el_after_av_section  el_before_av_one_third  avia-builder-el-first  \" style='border-radius:0px; '><section class=\"av_textblock_section \"  itemscope=\"itemscope\" itemtype=\"https:\/\/schema.org\/CreativeWork\" ><div class='avia_textblock  '   itemprop=\"text\" ><h4>Lade-Steckvorrichtungen<\/h4>\n<h6>80A bis 320A f\u00fcr Elektro-Flurf\u00f6rderfahrzeuge<\/h6>\n<\/div><\/section><\/div><\/p>\n<div class=\"flex_column av_one_third  flex_column_div av-zero-column-padding   avia-builder-el-10  el_after_av_one_third  el_before_av_one_third  \" style='border-radius:0px; '><section class=\"av_textblock_section \"  itemscope=\"itemscope\" itemtype=\"https:\/\/schema.org\/CreativeWork\" ><div class='avia_textblock  '   itemprop=\"text\" ><h4>\nCharching Plug-and-Socket Devices<\/h4>\n<h6>80A til 320A for forklifter<\/h6>\n<\/div><\/section><\/div>\n<div class=\"flex_column av_one_third  flex_column_div av-zero-column-padding   avia-builder-el-12  el_after_av_one_third  el_before_av_one_third  \" style='border-radius:0px; '><section class=\"av_textblock_section \"  itemscope=\"itemscope\" itemtype=\"https:\/\/schema.org\/CreativeWork\" ><div class='avia_textblock  '   itemprop=\"text\" ><h4>Prises de Chargeur<\/h4>\n<h6>80A jusqu&#8217;a&#8217;320A pour chariots electriques<\/h6>\n<\/div><\/section><\/div>\n<div class=\"flex_column av_one_third  flex_column_div av-zero-column-padding first  avia-builder-el-14  el_after_av_one_third  el_before_av_one_third  column-top-margin\" style='border-radius:0px; '><\/div>\n<div class=\"flex_column av_one_third  flex_column_div av-zero-column-padding   avia-builder-el-15  el_after_av_one_third  el_before_av_one_third  column-top-margin\" style='border-radius:0px; '><div  class='avia-image-container  av-styling-    avia-builder-el-16  avia-builder-el-no-sibling  avia-align-center '  itemprop=\"image\" itemscope=\"itemscope\" itemtype=\"https:\/\/schema.org\/ImageObject\"  ><div class='avia-image-container-inner'><div class='avia-image-overlay-wrap'><img class='avia_image' src='https:\/\/berg-ladestecker.de\/wp-content\/uploads\/2020\/02\/Made-in-Germany-300x129.jpg' alt='' title='Made in Germany' height=\"129\" width=\"300\"  itemprop=\"thumbnailUrl\"  \/><\/div><\/div><\/div><\/div>\n<div class=\"flex_column av_one_third  flex_column_div av-zero-column-padding   avia-builder-el-17  el_after_av_one_third  el_before_av_one_full  column-top-margin\" style='border-radius:0px; '><\/div>\n<div class=\"flex_column av_one_full  flex_column_div av-zero-column-padding first  avia-builder-el-18  el_after_av_one_third  el_before_av_one_full  column-top-margin\" style='border-radius:0px; '><p><div  class='avia-image-container  av-styling-    avia-builder-el-19  el_before_av_textblock  avia-builder-el-first  avia-align-center '  itemprop=\"image\" itemscope=\"itemscope\" itemtype=\"https:\/\/schema.org\/ImageObject\"  ><div class='avia-image-container-inner'><div class='avia-image-overlay-wrap'><img class='avia_image' src='https:\/\/berg-ladestecker.de\/wp-content\/uploads\/2020\/01\/cropped-Berg-Startseite-1-300x246.jpg' alt='' title='cropped-Berg-Startseite-1.jpg' height=\"246\" width=\"300\"  itemprop=\"thumbnailUrl\"  \/><\/div><\/div><\/div><br \/>\n<section class=\"av_textblock_section \"  itemscope=\"itemscope\" itemtype=\"https:\/\/schema.org\/CreativeWork\" ><div class='avia_textblock  '   itemprop=\"text\" ><\/div><\/section><br \/>\n<div  style='height:50px' class='hr hr-invisible   avia-builder-el-21  el_after_av_textblock  el_before_av_textblock '><span class='hr-inner ' ><span class='hr-inner-style'><\/span><\/span><\/div><br \/>\n<section class=\"av_textblock_section \"  itemscope=\"itemscope\" itemtype=\"https:\/\/schema.org\/CreativeWork\" ><div class='avia_textblock  '   itemprop=\"text\" ><p style=\"text-align: center;\"><span style=\"color: #0000ff; font-size: 14pt;\"><strong>eigene Herstellung, Vertrieb und Markenrechte von Berg Ladesteckvorrichtungen<\/strong><\/span><\/p>\n<p style=\"text-align: center;\"><span style=\"color: #ff0000; font-size: 14pt;\">hohe Qualit\u00e4t<\/span><\/p>\n<p style=\"text-align: center;\"><span style=\"color: #ff0000; font-size: 14pt;\">Zuverl\u00e4ssigkeit<\/span><\/p>\n<p style=\"text-align: center;\"><span style=\"color: #ff0000; font-size: 14pt;\">lange Lebensdauer<\/span><\/p>\n<p style=\"text-align: center;\"><span style=\"color: #ff0000; font-size: 14pt;\">seit 1970<\/span><\/p>\n<\/div><\/section><\/p><\/div>\n<div class=\"flex_column av_one_full  flex_column_div av-zero-column-padding first  avia-builder-el-23  el_after_av_one_full  el_before_av_one_third  column-top-margin\" style='border-radius:0px; '><section class=\"av_textblock_section \"  itemscope=\"itemscope\" itemtype=\"https:\/\/schema.org\/CreativeWork\" ><div class='avia_textblock  '   itemprop=\"text\" ><h2><a id=\"informationen\"><\/a>Unser Leistungsangebot<\/h2>\n<\/div><\/section><br \/>\n<div  style='height:50px' class='hr hr-invisible   avia-builder-el-25  el_after_av_textblock  avia-builder-el-last '><span class='hr-inner ' ><span class='hr-inner-style'><\/span><\/span><\/div><\/p><\/div>\n<div class=\"flex_column av_one_third  flex_column_div av-zero-column-padding first  avia-builder-el-26  el_after_av_one_full  el_before_av_one_third  column-top-margin\" style='border-radius:0px; '><section class=\"av_textblock_section \"  itemscope=\"itemscope\" itemtype=\"https:\/\/schema.org\/CreativeWork\" ><div class='avia_textblock  '   itemprop=\"text\" ><h4>Lade-Steckvorrichtungen, isolierstoffgekapselt<\/h4>\n<h4>2-polig, 80A, 160A und 320A, 150V, DIN 43589<\/h4>\n<p>Charging plug-and-socket devices, moulded-plastic-clad<br \/>\nPrises de chargeur avec corps isolant<\/p>\n<h4>Mit Codierstift f\u00fcr Betriebsspannungen: 24V\/36V\/48V\/72V\/80V\/96V<\/h4>\n<p>with coding pin for operating voltages:<br \/>\navec crayon de codage pour tensions de Regime:<\/p>\n<h4>Anschluss Querschnitte\/Connection cross sections\/Sections de raccordement<\/h4>\n<ul>\n<li>\u00a0 80A\u21d2 16mm\u00b2\/25mm\u00b2<\/li>\n<li>160A\u21d2 16mm\u00b2\/25mm\u00b2\/35mm\u00b2\/50mm\u00b2<\/li>\n<li>320A\u21d2 50mm\u00b2\/70mm\u00b2\/95mm\u00b2<\/li>\n<\/ul>\n<h4>Pilotkontakte\/pilot contacts\/contacts auxiliaires: 2,5mm\u00b2<\/h4>\n<h4>S\u00e4mtliche Anschl\u00fcsse zum L\u00f6ten oder Crimpen(Quetschen) geeignet<\/h4>\n<p>all connections suitable for soldering or crimpimg<br \/>\ntous les raccords suscetibles d\u2032etre braser ou crimper<\/p>\n<h4>Kontaktteile: E-Cu,versilbert\/Contact parts: E-Cu,silver plated\/Contacts: E-Cu, argentes<\/h4>\n<p>Diese Ladesteckvorrichtungen entsprechen den Anforderungen der EG-Einzelrichtlinien f\u00fcr Flurf\u00f6rderzeuge (86\/663\/EWG).<\/p>\n<\/div><\/section><\/div>\n<div class=\"flex_column av_one_third  flex_column_div av-zero-column-padding   avia-builder-el-28  el_after_av_one_third  el_before_av_one_third  column-top-margin\" style='border-radius:0px; '><div  class='avia-image-container  av-styling-    avia-builder-el-29  avia-builder-el-no-sibling  avia-align-center '  itemprop=\"image\" itemscope=\"itemscope\" itemtype=\"https:\/\/schema.org\/ImageObject\"  ><div class='avia-image-container-inner'><div class='avia-image-overlay-wrap'><a href='https:\/\/berg-ladestecker.de\/wp-content\/uploads\/2020\/03\/Technische-Details.pdf' class='avia_image'   target=\"_blank\" ><img class='avia_image ' src='https:\/\/berg-ladestecker.de\/wp-content\/uploads\/2020\/03\/DSC00397-773x1030.jpg' alt='' title='Ladesteckdose IGD 160A'  itemprop=\"thumbnailUrl\"  \/><\/a><\/div><\/div><\/div><\/div>\n<div class=\"flex_column av_one_third  flex_column_div av-zero-column-padding   avia-builder-el-30  el_after_av_one_third  el_before_av_hr  column-top-margin\" style='border-radius:0px; '><div  class='avia-image-container  av-styling-    avia-builder-el-31  avia-builder-el-no-sibling  avia-align-center '  itemprop=\"image\" itemscope=\"itemscope\" itemtype=\"https:\/\/schema.org\/ImageObject\"  ><div class='avia-image-container-inner'><div class='avia-image-overlay-wrap'><a href='https:\/\/berg-ladestecker.de\/wp-content\/uploads\/2020\/03\/Technische-Details.pdf' class='avia_image'   target=\"_blank\" ><img class='avia_image ' src='https:\/\/berg-ladestecker.de\/wp-content\/uploads\/2020\/03\/IMG_0341-1-rotated.jpg' alt='' title='Ladestecker Berg ILG 160A'  itemprop=\"thumbnailUrl\"  \/><\/a><\/div><\/div><\/div><\/div>\n<div  style='height:50px' class='hr hr-invisible   avia-builder-el-32  el_after_av_one_third  el_before_av_textblock '><span class='hr-inner ' ><span class='hr-inner-style'><\/span><\/span><\/div>\n<section class=\"av_textblock_section \"  itemscope=\"itemscope\" itemtype=\"https:\/\/schema.org\/CreativeWork\" ><div class='avia_textblock  '   itemprop=\"text\" ><h2><a id=\"kontakt\"><\/a>Kontakt<\/h2>\n<\/div><\/section>\n<div  style='height:50px' class='hr hr-invisible   avia-builder-el-34  el_after_av_textblock  el_before_av_one_third '><span class='hr-inner ' ><span class='hr-inner-style'><\/span><\/span><\/div>\n<div class=\"flex_column av_one_third  flex_column_div av-zero-column-padding first  avia-builder-el-35  el_after_av_hr  el_before_av_one_third  \" style='border-radius:0px; '><form action=\"https:\/\/berg-ladestecker.de\/\" method=\"post\"  class=\"avia_ajax_form av-form-labels-visible   avia-builder-el-36  avia-builder-el-no-sibling   \" data-avia-form-id=\"1\" data-avia-redirect='' ><fieldset><p class='  first_form  form_element form_fullwidth' id='element_avia_1_1'><label for=\"avia_1_1\">Name <abbr class=\"required\" title=\"ben\u00f6tigt\">*<\/abbr><\/label> <input name=\"avia_1_1\" class=\"text_input is_empty\" type=\"text\" id=\"avia_1_1\" value=\"\" \/><\/p><p class='  first_form  form_element form_fullwidth' id='element_avia_2_1'><label for=\"avia_2_1\">E-Mail <abbr class=\"required\" title=\"ben\u00f6tigt\">*<\/abbr><\/label> <input name=\"avia_2_1\" class=\"text_input is_email\" type=\"text\" id=\"avia_2_1\" value=\"\" \/><\/p><p class='  first_form  form_element form_fullwidth' id='element_avia_3_1'><label for=\"avia_3_1\">Betreff <abbr class=\"required\" title=\"ben\u00f6tigt\">*<\/abbr><\/label> <input name=\"avia_3_1\" class=\"text_input is_empty\" type=\"text\" id=\"avia_3_1\" value=\"\" \/><\/p><p class='  first_form  form_element form_fullwidth av-last-visible-form-element' id='element_avia_4_1'><label for=\"avia_4_1\" class=\"textare_label hidden textare_label_avia_4_1\">Nachricht <abbr class=\"required\" title=\"ben\u00f6tigt\">*<\/abbr><\/label><textarea  name=\"avia_4_1\" class=\"text_area is_empty\" cols=\"40\" rows=\"7\" id=\"avia_4_1\" ><\/textarea><\/p><p class=\"hidden\"><input type=\"text\" name=\"avia_5_1\" class=\"hidden \" id=\"avia_5_1\" value=\"\" \/><\/p><p class=\"form_element \"><input type=\"hidden\" value=\"1\" name=\"avia_generated_form1\" \/><input type=\"submit\" value=\"Senden\" class=\"button\"  data-sending-label=\"Sende\"\/><\/p><\/fieldset><\/form><div id=\"ajaxresponse_1\" class=\"ajaxresponse ajaxresponse_1 hidden\"><\/div><\/div>\n<div class=\"flex_column av_one_third  flex_column_div av-zero-column-padding   avia-builder-el-37  el_after_av_one_third  el_before_av_one_third  \" style='border-radius:0px; '><div  class='avia-image-container  av-styling-    avia-builder-el-38  avia-builder-el-no-sibling  avia-align-center '  itemprop=\"image\" itemscope=\"itemscope\" itemtype=\"https:\/\/schema.org\/ImageObject\"  ><div class='avia-image-container-inner'><div class='avia-image-overlay-wrap'><img class='avia_image' src='https:\/\/berg-ladestecker.de\/wp-content\/uploads\/2020\/02\/Stapler-Frieda-269x300.jpg' alt='' title='Stapler' height=\"300\" width=\"269\"  itemprop=\"thumbnailUrl\"  \/><\/div><\/div><\/div><\/div>\n<div class=\"flex_column av_one_third  flex_column_div av-zero-column-padding   avia-builder-el-39  el_after_av_one_third  el_before_av_hr  \" style='border-radius:0px; '><div  class='avia-image-container  av-styling-    avia-builder-el-40  avia-builder-el-no-sibling  avia-align-center '  itemprop=\"image\" itemscope=\"itemscope\" itemtype=\"https:\/\/schema.org\/ImageObject\"  ><div class='avia-image-container-inner'><div class='avia-image-overlay-wrap'><img class='avia_image' src='https:\/\/berg-ladestecker.de\/wp-content\/uploads\/2020\/03\/IMG_0348-2-300x170.jpg' alt='' title='Berg 160A' height=\"170\" width=\"300\"  itemprop=\"thumbnailUrl\"  \/><\/div><\/div><\/div><\/div>\n<div  style='height:230px' class='hr hr-invisible   avia-builder-el-41  el_after_av_one_third  el_before_av_one_half '><span class='hr-inner ' ><span class='hr-inner-style'><\/span><\/span><\/div>\n<div class=\"flex_column av_one_half  flex_column_div av-zero-column-padding first  avia-builder-el-42  el_after_av_hr  avia-builder-el-last  \" style='border-radius:0px; '><\/div>\n","protected":false},"excerpt":{"rendered":"","protected":false},"author":2,"featured_media":0,"parent":0,"menu_order":0,"comment_status":"closed","ping_status":"closed","template":"","meta":{"footnotes":""},"class_list":["post-195","page","type-page","status-publish","hentry"],"yoast_head":"<!-- This site is optimized with the Yoast SEO plugin v23.8 - https:\/\/yoast.com\/wordpress\/plugins\/seo\/ -->\n<title>Startseite - Berg - Ladestecker<\/title>\n<meta name=\"robots\" content=\"index, follow, max-snippet:-1, max-image-preview:large, max-video-preview:-1\" \/>\n<link rel=\"canonical\" href=\"https:\/\/berg-ladestecker.de\/?page_id=195\" \/>\n<meta property=\"og:locale\" content=\"de_DE\" \/>\n<meta property=\"og:type\" content=\"article\" \/>\n<meta property=\"og:title\" content=\"Startseite - Berg - Ladestecker\" \/>\n<meta property=\"og:url\" content=\"https:\/\/berg-ladestecker.de\/?page_id=195\" \/>\n<meta property=\"og:site_name\" content=\"Berg - Ladestecker\" \/>\n<meta property=\"article:modified_time\" content=\"2024-11-09T14:24:44+00:00\" \/>\n<meta name=\"twitter:card\" content=\"summary_large_image\" \/>\n<meta name=\"twitter:label1\" content=\"Gesch\u00e4tzte Lesezeit\" \/>\n\t<meta name=\"twitter:data1\" content=\"8\u00a0Minuten\" \/>\n<script type=\"application\/ld+json\" class=\"yoast-schema-graph\">{\"@context\":\"https:\/\/schema.org\",\"@graph\":[{\"@type\":\"WebPage\",\"@id\":\"https:\/\/berg-ladestecker.de\/?page_id=195\",\"url\":\"https:\/\/berg-ladestecker.de\/?page_id=195\",\"name\":\"Startseite - Berg - Ladestecker\",\"isPartOf\":{\"@id\":\"https:\/\/berg-ladestecker.de\/#website\"},\"datePublished\":\"2015-10-26T13:10:58+00:00\",\"dateModified\":\"2024-11-09T14:24:44+00:00\",\"breadcrumb\":{\"@id\":\"https:\/\/berg-ladestecker.de\/?page_id=195#breadcrumb\"},\"inLanguage\":\"de\",\"potentialAction\":[{\"@type\":\"ReadAction\",\"target\":[\"https:\/\/berg-ladestecker.de\/?page_id=195\"]}]},{\"@type\":\"BreadcrumbList\",\"@id\":\"https:\/\/berg-ladestecker.de\/?page_id=195#breadcrumb\",\"itemListElement\":[{\"@type\":\"ListItem\",\"position\":1,\"name\":\"Startseite\",\"item\":\"https:\/\/berg-ladestecker.de\/?page_id=195\"},{\"@type\":\"ListItem\",\"position\":2,\"name\":\"Startseite\"}]},{\"@type\":\"WebSite\",\"@id\":\"https:\/\/berg-ladestecker.de\/#website\",\"url\":\"https:\/\/berg-ladestecker.de\/\",\"name\":\"Berg - Ladestecker\",\"description\":\"Qualit\u00e4t verbindet\",\"potentialAction\":[{\"@type\":\"SearchAction\",\"target\":{\"@type\":\"EntryPoint\",\"urlTemplate\":\"https:\/\/berg-ladestecker.de\/?s={search_term_string}\"},\"query-input\":{\"@type\":\"PropertyValueSpecification\",\"valueRequired\":true,\"valueName\":\"search_term_string\"}}],\"inLanguage\":\"de\"}]}<\/script>\n<!-- \/ Yoast SEO plugin. -->","yoast_head_json":{"title":"Startseite - Berg - Ladestecker","robots":{"index":"index","follow":"follow","max-snippet":"max-snippet:-1","max-image-preview":"max-image-preview:large","max-video-preview":"max-video-preview:-1"},"canonical":"https:\/\/berg-ladestecker.de\/?page_id=195","og_locale":"de_DE","og_type":"article","og_title":"Startseite - Berg - Ladestecker","og_url":"https:\/\/berg-ladestecker.de\/?page_id=195","og_site_name":"Berg - Ladestecker","article_modified_time":"2024-11-09T14:24:44+00:00","twitter_card":"summary_large_image","twitter_misc":{"Gesch\u00e4tzte Lesezeit":"8\u00a0Minuten"},"schema":{"@context":"https:\/\/schema.org","@graph":[{"@type":"WebPage","@id":"https:\/\/berg-ladestecker.de\/?page_id=195","url":"https:\/\/berg-ladestecker.de\/?page_id=195","name":"Startseite - Berg - Ladestecker","isPartOf":{"@id":"https:\/\/berg-ladestecker.de\/#website"},"datePublished":"2015-10-26T13:10:58+00:00","dateModified":"2024-11-09T14:24:44+00:00","breadcrumb":{"@id":"https:\/\/berg-ladestecker.de\/?page_id=195#breadcrumb"},"inLanguage":"de","potentialAction":[{"@type":"ReadAction","target":["https:\/\/berg-ladestecker.de\/?page_id=195"]}]},{"@type":"BreadcrumbList","@id":"https:\/\/berg-ladestecker.de\/?page_id=195#breadcrumb","itemListElement":[{"@type":"ListItem","position":1,"name":"Startseite","item":"https:\/\/berg-ladestecker.de\/?page_id=195"},{"@type":"ListItem","position":2,"name":"Startseite"}]},{"@type":"WebSite","@id":"https:\/\/berg-ladestecker.de\/#website","url":"https:\/\/berg-ladestecker.de\/","name":"Berg - Ladestecker","description":"Qualit\u00e4t verbindet","potentialAction":[{"@type":"SearchAction","target":{"@type":"EntryPoint","urlTemplate":"https:\/\/berg-ladestecker.de\/?s={search_term_string}"},"query-input":{"@type":"PropertyValueSpecification","valueRequired":true,"valueName":"search_term_string"}}],"inLanguage":"de"}]}},"_links":{"self":[{"href":"https:\/\/berg-ladestecker.de\/index.php?rest_route=\/wp\/v2\/pages\/195"}],"collection":[{"href":"https:\/\/berg-ladestecker.de\/index.php?rest_route=\/wp\/v2\/pages"}],"about":[{"href":"https:\/\/berg-ladestecker.de\/index.php?rest_route=\/wp\/v2\/types\/page"}],"author":[{"embeddable":true,"href":"https:\/\/berg-ladestecker.de\/index.php?rest_route=\/wp\/v2\/users\/2"}],"replies":[{"embeddable":true,"href":"https:\/\/berg-ladestecker.de\/index.php?rest_route=%2Fwp%2Fv2%2Fcomments&post=195"}],"version-history":[{"count":96,"href":"https:\/\/berg-ladestecker.de\/index.php?rest_route=\/wp\/v2\/pages\/195\/revisions"}],"predecessor-version":[{"id":536,"href":"https:\/\/berg-ladestecker.de\/index.php?rest_route=\/wp\/v2\/pages\/195\/revisions\/536"}],"wp:attachment":[{"href":"https:\/\/berg-ladestecker.de\/index.php?rest_route=%2Fwp%2Fv2%2Fmedia&parent=195"}],"curies":[{"name":"wp","href":"https:\/\/api.w.org\/{rel}","templated":true}]}}